{"id":73,"date":"2025-04-10T14:51:01","date_gmt":"2025-04-10T14:51:01","guid":{"rendered":"https:\/\/seismasunogaleria.com\/?page_id=73"},"modified":"2025-04-10T14:57:38","modified_gmt":"2025-04-10T14:57:38","slug":"nosotros","status":"publish","type":"page","link":"https:\/\/seismasunogaleria.com\/en\/nosotros\/","title":{"rendered":"Nosotros"},"content":{"rendered":"<p>[et_pb_section fb_built=\u00bb1&#8243; theme_builder_area=\u00bbpost_content\u00bb _builder_version=\u00bb4.27.4&#8243; _module_preset=\u00bbdefault\u00bb][et_pb_row _builder_version=\u00bb4.27.4&#8243; _module_preset=\u00bbdefault\u00bb column_structure=\u00bb3_5,2_5&#8243; theme_builder_area=\u00bbpost_content\u00bb][et_pb_column _builder_version=\u00bb4.27.4&#8243; _module_preset=\u00bbdefault\u00bb type=\u00bb3_5&#8243; theme_builder_area=\u00bbpost_content\u00bb][dsm_image_carousel _builder_version=\u00bb4.27.4&#8243; _module_preset=\u00bbdefault\u00bb theme_builder_area=\u00bbpost_content\u00bb gallery_ids=\u00bb78,77,76&#8243; speed=\u00bb600&#8243; arrows=\u00bboff\u00bb hover_enabled=\u00bb0&#8243; sticky_enabled=\u00bb0&#8243; custom_padding=\u00bb0px||0px||false|false\u00bb custom_margin=\u00bb0px||0px||false|false\u00bb lazyload=\u00bbon\u00bb sizes=\u00bbet-pb-image&#8211;responsive&#8211;tablet\u00bb slider_type=\u00bbslideshow\u00bb slideshow_effect=\u00bbfade\u00bb slideshow_height=\u00bb500px\u00bb][\/dsm_image_carousel][\/et_pb_column][et_pb_column _builder_version=\u00bb4.27.4&#8243; _module_preset=\u00bbdefault\u00bb type=\u00bb2_5&#8243; theme_builder_area=\u00bbpost_content\u00bb][et_pb_text _builder_version=\u00bb4.27.4&#8243; _module_preset=\u00bbdefault\u00bb theme_builder_area=\u00bbpost_content\u00bb hover_enabled=\u00bb0&#8243; sticky_enabled=\u00bb0&#8243;]<\/p>\n<p>SEISMASUNO abres sus puertas por primera vez en 2012 configurandose en principio como galer\u00eda de arte con el nombre de GALER\u00cdA SEISMASUNO. Inicia con una intensa actividad art\u00edstica desarrollada en los primeros dos a\u00f1os en la sede del barrio de Malasa\u00f1a y los siguientes cinco en el barrio de Justicia. En estos a\u00f1os la galer\u00eda ha estado representando y colaborando con artistas emergentes nacionales e internacionales de diferentes disciplinas art\u00edsticas, esta heterogeneidad constituye uno de sus rasgos distintivos. El programa de comisariado ha sido siempre un pilar fundamental de la actividad de la galer\u00eda junto a una estrictamente cuidada selecci\u00f3n de artistas. El di\u00e1logo de la galer\u00eda se ha desarrollado constantemente entre el surrealismo pop, el intervencionismo pict\u00f3rico neobarroco y el arte conceptual.<\/p>\n<p>SEISMASUNO en 2019 di\u00f3 un paso m\u00e1s en su trayectoria para configuarse como un espacio que fusiona el arte, el dise\u00f1o y la arquitectura inspirados en el sentido critico de sus creadores, sin dar la espalda a piezas hist\u00f3ricas. Sin una ubicaci\u00f3n permanente tenemos la posibilidad de evolucionar con los espacios y conseguir un dialogo constante entre el lugar y el contenido. GALER\u00cdAS SEISMASUNO se convierte as\u00ed en SEISMASUNO PROJECTS, un laboratorio de creaci\u00f3n que pretende ser el lugar de intercambio emocional ante artistas, espectadores y nosotros mismos.<\/p>\n<p>[\/et_pb_text][\/et_pb_column][\/et_pb_row][\/et_pb_section]<\/p>","protected":false},"excerpt":{"rendered":"<p><div class=\"et_pb_module dsm_image_carousel dsm_image_carousel_0 dsm_image_carousel_arrow_outside dsm_image_carousel_arrow_mobile_inside\">\n\t\t\t\t\n\t\t\t\t\n\t\t\t\t\n\t\t\t\t\n\t\t\t\t\n\t\t\t\t\n\t\t\t\t<div class=\"et_pb_module_inner\">\n\t\t\t\t\t<div class=\"swiper-container dsm_image_carousel_container dsm_image_carousel_slideshow\" dir=\"ltr\"data-effect=\"default\"\n\t\t\tdata-slider-effect-shadows=\"false\"\n\t\t\tdata-slider-effect-coverflow-rotate=\"30\"\n\t\t\tdata-slider-effect-coverflow-depth=\"0\"\n\t\t\tdata-loop=\"true\"\n\t\t\tdata-slide-to-show=\"4\"\n\t\t\tdata-slide-to-show-tablet=\"1\"\n\t\t\tdata-slide-to-show-phone=\"1\"\n\t\t\tdata-slide-to-scroll=\"1\"\n\t\t\tdata-slide-to-scroll-tablet=\"1\"\n\t\t\tdata-slide-to-scroll-phone=\"1\"\n\t\t\tdata-space-between=\"15\"\n\t\t\tdata-space-between-tablet=\"15\"\n\t\t\tdata-space-between-phone=\"15\"\n\t\t\tdata-slide-row=\"1\"\n\t\t\tdata-centered-slides=\"false\"\n\t\t\tdata-speed=\"600\"\n\t\t\tdata-autoplay=\"true\"\n\t\t\tdata-autoplay-speed=\"3000\"\n\t\t\tdata-touch-move=\"true\"\n\t\t\tdata-grab=\"true\"\n\t\t\tdata-pause-on-hover=\"false\"\n\t\t\tdata-show-lightbox=\"false\"\n\t\t\tdata-lightbox-gallery=\"false\"\n\t\t\tdata-lightbox-caption=\"false\"\n\t\t\tdata-infinite-scrolling=\"false\"\n\t\t\tdata-slide-row-tablet=\"1\"\n\t\t\tdata-slide-row-phone=\"1\"\n\t\t\tdata-autoplay-viewport=\"80%\t\t\tdata-mousewheel=\"false\"\t\t\tdata-lazyload=\"true\"\t\t\tdata-type=\"slideshow\"\t\t\tdata-slideshow-effect=\"fade\"\t\t\tdata-slideshow-to-show=\"4\"\t\t\tdata-slideshow-to-show-tablet=\"4\"\t\t\tdata-slideshow-to-show-phone=\"\"\t\t\t\"><div class=\"swiper-wrapper\"><div class=\"swiper-slide dsm_image_carousel_item\"><div class=\"swiper-slide dsm_image_carousel_item\"><div class=\"dsm_image_carousel_slideshow_bg\" role=\"img\" style=\"background-image: url(https:\/\/seismasunogaleria.com\/wp-content\/uploads\/2025\/04\/IMG_20200228_213513-scaled-1-980x735.jpg)\" title=\"IMG_20200228_213513-scaled\" data-dsm-image-description=\"\"><\/div><\/div><\/div><div class=\"swiper-slide dsm_image_carousel_item\"><div class=\"swiper-slide dsm_image_carousel_item\"><div class=\"dsm_image_carousel_slideshow_bg\" role=\"img\" style=\"background-image: url(https:\/\/seismasunogaleria.com\/wp-content\/uploads\/2025\/04\/functional_art_020-980x654.jpg)\" title=\"functional_art_020\" data-dsm-image-description=\"\"><\/div><\/div><\/div><div class=\"swiper-slide dsm_image_carousel_item\"><div class=\"swiper-slide dsm_image_carousel_item\"><div class=\"dsm_image_carousel_slideshow_bg\" role=\"img\" style=\"background-image: url(https:\/\/seismasunogaleria.com\/wp-content\/uploads\/2025\/04\/CERAMICS_17-12-20-56-980x1470.jpg)\" title=\"CERAMICS_17-12-20-56\" data-dsm-image-description=\"\"><\/div><\/div><\/div><\/div><\/div><div thumbsslider class=\"swiper dsm_image_gallery_thumbs\" dir=\"ltr\"><div class=\"swiper-wrapper\"><div class=\"swiper-slide\"><div class=\"dsm_image_carousel_thumbs_image swiper-lazy\" role=\"img\" aria-label=\"\" style=\"background-image: url(https:\/\/seismasunogaleria.com\/wp-content\/uploads\/2025\/04\/IMG_20200228_213513-scaled-1-1024x768.jpg)\"><\/div> <\/div><div class=\"swiper-slide\"><div class=\"dsm_image_carousel_thumbs_image swiper-lazy\" role=\"img\" aria-label=\"\" style=\"background-image: url(https:\/\/seismasunogaleria.com\/wp-content\/uploads\/2025\/04\/functional_art_020-1024x684.jpg)\"><\/div> <\/div><div class=\"swiper-slide\"><div class=\"dsm_image_carousel_thumbs_image swiper-lazy\" role=\"img\" aria-label=\"\" style=\"background-image: url(https:\/\/seismasunogaleria.com\/wp-content\/uploads\/2025\/04\/CERAMICS_17-12-20-56-683x1024.jpg)\"><\/div> <\/div><\/div><\/div>\n\t\t\t\t<\/div>\n\t\t\t<\/div>SEISMASUNO abres sus puertas por primera vez en 2012 configurandose en principio como galer\u00eda de arte con el nombre de GALER\u00cdA SEISMASUNO. Inicia con una intensa actividad art\u00edstica desarrollada en los primeros dos a\u00f1os en la sede del barrio de [&hellip;]<\/p>","protected":false},"author":2,"featured_media":0,"parent":0,"menu_order":0,"comment_status":"closed","ping_status":"closed","template":"","meta":{"_et_pb_use_builder":"on","_et_pb_old_content":"","_et_gb_content_width":"","footnotes":""},"class_list":["post-73","page","type-page","status-publish","hentry"],"yoast_head":"<!-- This site is optimized with the Yoast SEO plugin v24.8.1 - https:\/\/yoast.com\/wordpress\/plugins\/seo\/ -->\n<title>Nosotros - Galer&iacute;a SEISM&Aacute;SUNO<\/title>\n<meta name=\"robots\" content=\"index, follow, max-snippet:-1, max-image-preview:large, max-video-preview:-1\" \/>\n<link rel=\"canonical\" href=\"https:\/\/seismasunogaleria.com\/en\/nosotros\/\" \/>\n<meta property=\"og:locale\" content=\"en_GB\" \/>\n<meta property=\"og:type\" content=\"article\" \/>\n<meta property=\"og:title\" content=\"Nosotros - Galer&iacute;a SEISM&Aacute;SUNO\" \/>\n<meta property=\"og:description\" content=\"SEISMASUNO abres sus puertas por primera vez en 2012 configurandose en principio como galer\u00eda de arte con el nombre de GALER\u00cdA SEISMASUNO. Inicia con una intensa actividad art\u00edstica desarrollada en los primeros dos a\u00f1os en la sede del barrio de [&hellip;]\" \/>\n<meta property=\"og:url\" content=\"https:\/\/seismasunogaleria.com\/en\/nosotros\/\" \/>\n<meta property=\"og:site_name\" content=\"Galer&iacute;a SEISM&Aacute;SUNO\" \/>\n<meta property=\"article:modified_time\" content=\"2025-04-10T14:57:38+00:00\" \/>\n<meta name=\"twitter:card\" content=\"summary_large_image\" \/>\n<meta name=\"twitter:label1\" content=\"Estimated reading time\" \/>\n\t<meta name=\"twitter:data1\" content=\"2 minutes\" \/>\n<script type=\"application\/ld+json\" class=\"yoast-schema-graph\">{\"@context\":\"https:\/\/schema.org\",\"@graph\":[{\"@type\":\"WebPage\",\"@id\":\"https:\/\/seismasunogaleria.com\/nosotros\/\",\"url\":\"https:\/\/seismasunogaleria.com\/nosotros\/\",\"name\":\"Nosotros - Galer&iacute;a SEISM&Aacute;SUNO\",\"isPartOf\":{\"@id\":\"https:\/\/seismasunogaleria.com\/#website\"},\"datePublished\":\"2025-04-10T14:51:01+00:00\",\"dateModified\":\"2025-04-10T14:57:38+00:00\",\"breadcrumb\":{\"@id\":\"https:\/\/seismasunogaleria.com\/nosotros\/#breadcrumb\"},\"inLanguage\":\"en-GB\",\"potentialAction\":[{\"@type\":\"ReadAction\",\"target\":[\"https:\/\/seismasunogaleria.com\/nosotros\/\"]}]},{\"@type\":\"BreadcrumbList\",\"@id\":\"https:\/\/seismasunogaleria.com\/nosotros\/#breadcrumb\",\"itemListElement\":[{\"@type\":\"ListItem\",\"position\":1,\"name\":\"Portada\",\"item\":\"https:\/\/seismasunogaleria.com\/\"},{\"@type\":\"ListItem\",\"position\":2,\"name\":\"Nosotros\"}]},{\"@type\":\"WebSite\",\"@id\":\"https:\/\/seismasunogaleria.com\/#website\",\"url\":\"https:\/\/seismasunogaleria.com\/\",\"name\":\"Galer\u00eda SEISM\u00c1SUNO\",\"description\":\"S&oacute;lo otro sitio de WordPress\",\"publisher\":{\"@id\":\"https:\/\/seismasunogaleria.com\/#organization\"},\"potentialAction\":[{\"@type\":\"SearchAction\",\"target\":{\"@type\":\"EntryPoint\",\"urlTemplate\":\"https:\/\/seismasunogaleria.com\/?s={search_term_string}\"},\"query-input\":{\"@type\":\"PropertyValueSpecification\",\"valueRequired\":true,\"valueName\":\"search_term_string\"}}],\"inLanguage\":\"en-GB\"},{\"@type\":\"Organization\",\"@id\":\"https:\/\/seismasunogaleria.com\/#organization\",\"name\":\"Galer\u00eda SEISM\u00c1SUNO\",\"url\":\"https:\/\/seismasunogaleria.com\/\",\"logo\":{\"@type\":\"ImageObject\",\"inLanguage\":\"en-GB\",\"@id\":\"https:\/\/seismasunogaleria.com\/#\/schema\/logo\/image\/\",\"url\":\"https:\/\/seismasunogaleria.com\/wp-content\/uploads\/2025\/04\/logo-SEISMASUNO-PROJECTS_2020_WEB-03.jpg\",\"contentUrl\":\"https:\/\/seismasunogaleria.com\/wp-content\/uploads\/2025\/04\/logo-SEISMASUNO-PROJECTS_2020_WEB-03.jpg\",\"width\":150,\"height\":51,\"caption\":\"Galer\u00eda SEISM\u00c1SUNO\"},\"image\":{\"@id\":\"https:\/\/seismasunogaleria.com\/#\/schema\/logo\/image\/\"}}]}<\/script>\n<!-- \/ Yoast SEO plugin. -->","yoast_head_json":{"title":"Nosotros - Galer&iacute;a SEISM&Aacute;SUNO","robots":{"index":"index","follow":"follow","max-snippet":"max-snippet:-1","max-image-preview":"max-image-preview:large","max-video-preview":"max-video-preview:-1"},"canonical":"https:\/\/seismasunogaleria.com\/en\/nosotros\/","og_locale":"en_GB","og_type":"article","og_title":"Nosotros - Galer&iacute;a SEISM&Aacute;SUNO","og_description":"SEISMASUNO abres sus puertas por primera vez en 2012 configurandose en principio como galer\u00eda de arte con el nombre de GALER\u00cdA SEISMASUNO. Inicia con una intensa actividad art\u00edstica desarrollada en los primeros dos a\u00f1os en la sede del barrio de [&hellip;]","og_url":"https:\/\/seismasunogaleria.com\/en\/nosotros\/","og_site_name":"Galer&iacute;a SEISM&Aacute;SUNO","article_modified_time":"2025-04-10T14:57:38+00:00","twitter_card":"summary_large_image","twitter_misc":{"Estimated reading time":"2 minutes"},"schema":{"@context":"https:\/\/schema.org","@graph":[{"@type":"WebPage","@id":"https:\/\/seismasunogaleria.com\/nosotros\/","url":"https:\/\/seismasunogaleria.com\/nosotros\/","name":"Nosotros - Galer&iacute;a SEISM&Aacute;SUNO","isPartOf":{"@id":"https:\/\/seismasunogaleria.com\/#website"},"datePublished":"2025-04-10T14:51:01+00:00","dateModified":"2025-04-10T14:57:38+00:00","breadcrumb":{"@id":"https:\/\/seismasunogaleria.com\/nosotros\/#breadcrumb"},"inLanguage":"en-GB","potentialAction":[{"@type":"ReadAction","target":["https:\/\/seismasunogaleria.com\/nosotros\/"]}]},{"@type":"BreadcrumbList","@id":"https:\/\/seismasunogaleria.com\/nosotros\/#breadcrumb","itemListElement":[{"@type":"ListItem","position":1,"name":"Portada","item":"https:\/\/seismasunogaleria.com\/"},{"@type":"ListItem","position":2,"name":"Nosotros"}]},{"@type":"WebSite","@id":"https:\/\/seismasunogaleria.com\/#website","url":"https:\/\/seismasunogaleria.com\/","name":"Galer\u00eda SEISM\u00c1SUNO","description":"S&oacute;lo otro sitio de WordPress","publisher":{"@id":"https:\/\/seismasunogaleria.com\/#organization"},"potentialAction":[{"@type":"SearchAction","target":{"@type":"EntryPoint","urlTemplate":"https:\/\/seismasunogaleria.com\/?s={search_term_string}"},"query-input":{"@type":"PropertyValueSpecification","valueRequired":true,"valueName":"search_term_string"}}],"inLanguage":"en-GB"},{"@type":"Organization","@id":"https:\/\/seismasunogaleria.com\/#organization","name":"Galer\u00eda SEISM\u00c1SUNO","url":"https:\/\/seismasunogaleria.com\/","logo":{"@type":"ImageObject","inLanguage":"en-GB","@id":"https:\/\/seismasunogaleria.com\/#\/schema\/logo\/image\/","url":"https:\/\/seismasunogaleria.com\/wp-content\/uploads\/2025\/04\/logo-SEISMASUNO-PROJECTS_2020_WEB-03.jpg","contentUrl":"https:\/\/seismasunogaleria.com\/wp-content\/uploads\/2025\/04\/logo-SEISMASUNO-PROJECTS_2020_WEB-03.jpg","width":150,"height":51,"caption":"Galer\u00eda SEISM\u00c1SUNO"},"image":{"@id":"https:\/\/seismasunogaleria.com\/#\/schema\/logo\/image\/"}}]}},"_links":{"self":[{"href":"https:\/\/seismasunogaleria.com\/en\/wp-json\/wp\/v2\/pages\/73","targetHints":{"allow":["GET"]}}],"collection":[{"href":"https:\/\/seismasunogaleria.com\/en\/wp-json\/wp\/v2\/pages"}],"about":[{"href":"https:\/\/seismasunogaleria.com\/en\/wp-json\/wp\/v2\/types\/page"}],"author":[{"embeddable":true,"href":"https:\/\/seismasunogaleria.com\/en\/wp-json\/wp\/v2\/users\/2"}],"replies":[{"embeddable":true,"href":"https:\/\/seismasunogaleria.com\/en\/wp-json\/wp\/v2\/comments?post=73"}],"version-history":[{"count":3,"href":"https:\/\/seismasunogaleria.com\/en\/wp-json\/wp\/v2\/pages\/73\/revisions"}],"predecessor-version":[{"id":80,"href":"https:\/\/seismasunogaleria.com\/en\/wp-json\/wp\/v2\/pages\/73\/revisions\/80"}],"wp:attachment":[{"href":"https:\/\/seismasunogaleria.com\/en\/wp-json\/wp\/v2\/media?parent=73"}],"curies":[{"name":"wp","href":"https:\/\/api.w.org\/{rel}","templated":true}]}}