{"id":26,"date":"2025-04-04T16:18:53","date_gmt":"2025-04-04T16:18:53","guid":{"rendered":"https:\/\/seismasunogaleria.com\/?page_id=26"},"modified":"2025-05-23T12:03:46","modified_gmt":"2025-05-23T12:03:46","slug":"artistas","status":"publish","type":"page","link":"https:\/\/seismasunogaleria.com\/en\/artistas\/","title":{"rendered":"Artistas"},"content":{"rendered":"<p>[et_pb_section fb_built=\u00bb1&#8243; _builder_version=\u00bb4.27.4&#8243; _module_preset=\u00bbdefault\u00bb custom_padding=\u00bb0px||0px|||\u00bb global_colors_info=\u00bb{}\u00bb][et_pb_row _builder_version=\u00bb4.27.4&#8243; _module_preset=\u00bbdefault\u00bb global_colors_info=\u00bb{}\u00bb][et_pb_column type=\u00bb4_4&#8243; _builder_version=\u00bb4.27.4&#8243; _module_preset=\u00bbdefault\u00bb global_colors_info=\u00bb{}\u00bb][et_pb_text _builder_version=\u00bb4.27.4&#8243; _module_preset=\u00bbdefault\u00bb text_font=\u00bb|300|||||||\u00bb text_font_size=\u00bb30px\u00bb global_colors_info=\u00bb{}\u00bb]<\/p>\n<p>Artistas<\/p>\n<p>[\/et_pb_text][\/et_pb_column][\/et_pb_row][\/et_pb_section][et_pb_section fb_built=\u00bb1&#8243; _builder_version=\u00bb4.27.4&#8243; _module_preset=\u00bbdefault\u00bb custom_padding=\u00bb0px|||||\u00bb global_colors_info=\u00bb{}\u00bb][et_pb_row column_structure=\u00bb1_4,1_4,1_4,1_4&#8243; use_custom_gutter=\u00bbon\u00bb gutter_width=\u00bb2&#8243; make_equal=\u00bbon\u00bb _builder_version=\u00bb4.27.4&#8243; _module_preset=\u00bbdefault\u00bb width=\u00bb90%\u00bb global_colors_info=\u00bb{}\u00bb][et_pb_column type=\u00bb1_4&#8243; _builder_version=\u00bb4.27.4&#8243; _module_preset=\u00bbdefault\u00bb global_colors_info=\u00bb{}\u00bb][et_pb_text _builder_version=\u00bb4.27.4&#8243; _module_preset=\u00bbdefault\u00bb text_line_height=\u00bb1.8em\u00bb global_colors_info=\u00bb{}\u00bb]<\/p>\n<div class=\"fw-row\">\n<div class=\"fw-col-xs-12 fw-col-sm-2\">\n<p class=\"nmb nmt\"><a href=\"http:\/\/www.galeria6mas1.com\/project\/los-bravu\/\">Los Brav\u00fa<\/a><\/p>\n<p class=\"nmb nmt\"><a href=\"http:\/\/www.galeria6mas1.com\/project\/julio-falagan\/\">Julio Falag\u00e1n<\/a><\/p>\n<p class=\"nmb nmt\"><a href=\"http:\/\/www.galeria6mas1.com\/project\/fod\">Fod<\/a><\/p>\n<p class=\"nmb nmt\"><a href=\"http:\/\/www.galeria6mas1.com\/project\/none-futbol-club\/\">N\u00f8ne Futbol Club<\/a><\/p>\n<p class=\"nmb nmt\"><a href=\"http:\/\/www.galeria6mas1.com\/project\/sonia-navarro\">Sonia Navarro<\/a><\/p>\n<p class=\"nmb nmt\"><a href=\"http:\/\/www.galeria6mas1.com\/project\/miki-leal\">Miki Leal<\/a><\/p>\n<p class=\"nmb nmt\"><a href=\"http:\/\/www.galeria6mas1.com\/project\/sara-landeta\/\">Sara Landeta<\/a><\/p>\n<p class=\"nmb nmt\"><a href=\"http:\/\/www.galeria6mas1.com\/project\/chefer\/\">Ch\u00e9fer<\/a><\/p>\n<p class=\"nmb nmt\"><a href=\"http:\/\/www.galeria6mas1.com\/project\/xavier-delory\/\">Xavier Delory<\/a><\/p>\n<p class=\"nmb nmt\"><a href=\"http:\/\/www.galeria6mas1.com\/project\/vitor-mizael\/\">V\u00edtor Mizael<\/a><\/p>\n<p class=\"nmb nmt\">\n<\/div>\n<div class=\"fw-col-xs-12 fw-col-sm-2\">\n<div class=\"fw-divider-space\"><\/div>\n<p class=\"nmb nmt\"><a href=\"http:\/\/www.galeria6mas1.com\/project\/max-enrich\/\">Max Enrich<\/a><\/p>\n<p class=\"nmb nmt\"><a href=\"http:\/\/www.galeria6mas1.com\/project\/joelblanco\/\">Joel Blanco<\/a><\/p>\n<\/div>\n<div class=\"fw-col-xs-12 fw-col-sm-2\">\n<p class=\"nmb nmt\">\n<\/div>\n<\/div>\n<div class=\"fw-row\">\n<div class=\"fw-col-xs-12\"><\/div>\n<\/div>\n<p>[\/et_pb_text][\/et_pb_column][et_pb_column type=\u00bb1_4&#8243; _builder_version=\u00bb4.27.4&#8243; _module_preset=\u00bbdefault\u00bb global_colors_info=\u00bb{}\u00bb][et_pb_text _builder_version=\u00bb4.27.4&#8243; _module_preset=\u00bbdefault\u00bb text_line_height=\u00bb1.8em\u00bb global_colors_info=\u00bb{}\u00bb]<\/p>\n<div class=\"fw-row\">\n<div class=\"fw-col-xs-12 fw-col-sm-2\">\n<div class=\"fw-col-xs-12 fw-col-sm-2\">\n<p class=\"nmb nmt\"><a href=\"http:\/\/www.galeria6mas1.com\/project\/julio-sarramian\">Julio Sarrami\u00e1n<\/a><\/p>\n<p class=\"nmb nmt\"><a href=\"http:\/\/www.galeria6mas1.com\/project\/juancho-arregui\/\">Juancho Arregui<\/a><\/p>\n<p class=\"nmb nmt\"><a href=\"http:\/\/www.galeria6mas1.com\/project\/sander-wassink\/\">Sander Wassink<\/a><\/p>\n<\/div>\n<div class=\"fw-col-xs-12 fw-col-sm-2\">\n<div class=\"fw-divider-space\"><\/div>\n<p class=\"nmb nmt\"><a href=\"http:\/\/www.galeria6mas1.com\/project\/clara-sanchez\">Clara S\u00e1nchez Sala<\/a><\/p>\n<p class=\"nmb nmt\"><a href=\"http:\/\/www.galeria6mas1.com\/project\/maria-platero\">Mar\u00eda Platero<\/a><\/p>\n<p class=\"nmb nmt\"><a href=\"http:\/\/www.galeria6mas1.com\/project\/daniel-silvo\">Daniel Silvo<\/a><\/p>\n<p class=\"nmb nmt\"><a href=\"http:\/\/www.galeria6mas1.com\/project\/neko\">Neko<\/a><\/p>\n<p class=\"nmb nmt\"><a href=\"http:\/\/www.galeria6mas1.com\/project\/sugarbombing\">Sugarbombing<\/a><\/p>\n<p class=\"nmb nmt\"><a href=\"http:\/\/www.galeria6mas1.com\/project\/julia-llerena\">Julia Llerena<\/a><\/p>\n<p class=\"nmb nmt\"><a href=\"http:\/\/www.galeria6mas1.com\/project\/nieves-mingueza\">Nieves Mingueza<\/a><\/p>\n<p class=\"nmb nmt\"><a href=\"http:\/\/www.galeria6mas1.com\/project\/rebecca-wilton\">Rebecca Wilton<\/a><\/p>\n<p class=\"nmb nmt\"><a href=\"http:\/\/www.galeria6mas1.com\/project\/patricia-gomez\">Patricia G\u00f3mez<\/a><\/p>\n<p class=\"nmb nmt\"><a href=\"http:\/\/www.galeria6mas1.com\/project\/maria-jesus-gonzalez\">Mar\u00eda Jes\u00fas Gonz\u00e1lez<\/a><\/p>\n<p class=\"nmb nmt\"><a href=\"http:\/\/www.galeria6mas1.com\/project\/jan-monclus\">Jan Moncl\u00fas<\/a><\/p>\n<\/div>\n<div class=\"fw-col-xs-12 fw-col-sm-2\">\n<div class=\"fw-divider-space\"><\/div>\n<p class=\"nmb nmt\"><a href=\"http:\/\/www.galeria6mas1.com\/project\/antonio-labella\">Antonio Labella<\/a><\/p>\n<p class=\"nmb nmt\"><a href=\"http:\/\/www.galeria6mas1.com\/project\/pedro-pena-gil\">Pedro Pe\u00f1a Gil<\/a><\/p>\n<p class=\"nmb nmt\"><a href=\"http:\/\/www.galeria6mas1.com\/project\/ismael-lagares\">Ismael Lagares<\/a><\/p>\n<p class=\"nmb nmt\">\n<\/div>\n<\/div>\n<div class=\"fw-col-xs-12 fw-col-sm-2\"><\/div>\n<\/div>\n<div class=\"fw-row\">\n<div class=\"fw-col-xs-12\"><\/div>\n<\/div>\n<p>[\/et_pb_text][\/et_pb_column][et_pb_column type=\u00bb1_4&#8243; _builder_version=\u00bb4.27.4&#8243; _module_preset=\u00bbdefault\u00bb global_colors_info=\u00bb{}\u00bb][et_pb_text _builder_version=\u00bb4.27.4&#8243; _module_preset=\u00bbdefault\u00bb text_line_height=\u00bb1.8em\u00bb header_line_height=\u00bb1.8em\u00bb global_colors_info=\u00bb{}\u00bb]<\/p>\n<div class=\"fw-row\">\n<div class=\"fw-col-xs-12 fw-col-sm-2\">\n<div class=\"fw-col-xs-12 fw-col-sm-2\">\n<div class=\"fw-col-xs-12 fw-col-sm-2\">\n<p class=\"nmb nmt\"><a href=\"http:\/\/www.galeria6mas1.com\/project\/zosen\">Zosen<\/a><\/p>\n<p class=\"nmb nmt\"><a href=\"http:\/\/www.galeria6mas1.com\/project\/mina-hamada\">Mina Hamada<\/a><\/p>\n<p class=\"nmb nmt\"><a href=\"http:\/\/www.galeria6mas1.com\/project\/eduardo-mier\">Eduardo Mier<\/a><\/p>\n<p class=\"nmb nmt\"><a href=\"http:\/\/www.galeria6mas1.com\/project\/nano-4814\">Nano 4814<\/a><\/p>\n<p class=\"nmb nmt\"><a href=\"http:\/\/www.galeria6mas1.com\/project\/luce-y-grito\">Luce y Grito<\/a><\/p>\n<p class=\"nmb nmt\"><a href=\"http:\/\/www.galeria6mas1.com\/project\/catinka-kersten\">Catinka Kersten<\/a><\/p>\n<p class=\"nmb nmt\"><a href=\"http:\/\/www.galeria6mas1.com\/project\/patrick-grijalvo\">Patrick Grijalvo<\/a><\/p>\n<p class=\"nmb nmt\"><a href=\"http:\/\/www.galeria6mas1.com\/project\/karlos-martinez\">Karlos Mart\u00ednez B<\/a><\/p>\n<\/div>\n<div class=\"fw-col-xs-12 fw-col-sm-2\">\n<p class=\"nmb nmt\"><a href=\"http:\/\/www.galeria6mas1.com\/project\/nancy-coste\">Nancy Coste<\/a><\/p>\n<p class=\"nmb nmt\"><a href=\"http:\/\/www.galeria6mas1.com\/project\/pachi-giustiniani\">Pachi Giustiniani<\/a><\/p>\n<p class=\"nmb nmt\"><a href=\"http:\/\/www.galeria6mas1.com\/project\/florencia-rojas\">Florencia Rojas<\/a><\/p>\n<p class=\"nmb nmt\"><a href=\"http:\/\/www.galeria6mas1.com\/project\/raul-lazaro\">Raul L\u00e1zaro<\/a><\/p>\n<p class=\"nmb nmt\"><a href=\"http:\/\/www.galeria6mas1.com\/project\/carissa-santoso\">Carissa Santoso<\/a><\/p>\n<p class=\"nmb nmt\"><a href=\"http:\/\/www.galeria6mas1.com\/project\/maayan-pesach\">Ma\u2019ayan Pesach<\/a><\/p>\n<p class=\"nmb nmt\"><a href=\"http:\/\/www.galeria6mas1.com\/project\/jesus-madrinan\">Jes\u00fas Madri\u00f1\u00e1n<\/a><\/p>\n<\/div>\n<\/div>\n<div class=\"fw-col-xs-12 fw-col-sm-2\">\n<p class=\"nmb nmt\">\n<\/div>\n<\/div>\n<div class=\"fw-col-xs-12 fw-col-sm-2\"><\/div>\n<\/div>\n<div class=\"fw-row\">\n<div class=\"fw-col-xs-12\"><\/div>\n<\/div>\n<p>[\/et_pb_text][\/et_pb_column][et_pb_column type=\u00bb1_4&#8243; _builder_version=\u00bb4.27.4&#8243; _module_preset=\u00bbdefault\u00bb global_colors_info=\u00bb{}\u00bb][et_pb_text _builder_version=\u00bb4.27.4&#8243; _module_preset=\u00bbdefault\u00bb text_line_height=\u00bb1.8em\u00bb header_line_height=\u00bb1.8em\u00bb hover_enabled=\u00bb0&#8243; global_colors_info=\u00bb{}\u00bb sticky_enabled=\u00bb0&#8243;]<\/p>\n<div class=\"fw-row\">\n<div class=\"fw-col-xs-12 fw-col-sm-2\">\n<div class=\"fw-col-xs-12 fw-col-sm-2\">\n<div class=\"fw-col-xs-12 fw-col-sm-2\">\n<div class=\"fw-col-xs-12 fw-col-sm-2\">\n<p class=\"nmb nmt\"><a href=\"http:\/\/www.galeria6mas1.com\/project\/tamara-arroyo\/\">Tamara Arroyo<\/a><\/p>\n<p class=\"nmb nmt\"><a href=\"http:\/\/www.galeria6mas1.com\/project\/nobuyoshiAraki\/\">NobuyoshiAraki<\/a><\/p>\n<p class=\"nmb nmt\"><a href=\"http:\/\/www.galeria6mas1.com\/project\/fernando-bayona\/\">Fernando Bayona<\/a><\/p>\n<p class=\"nmb nmt\"><a href=\"http:\/\/www.galeria6mas1.com\/project\/miguel-angel-tornero\">Miguel \u00c1ngel Tornero<\/a><\/p>\n<p class=\"nmb nmt\"><a href=\"http:\/\/www.galeria6mas1.com\/project\/fernando-maselli\">Fernando Maselli<\/a><\/p>\n<\/div>\n<div class=\"fw-col-xs-12 fw-col-sm-2\"><\/div>\n<div class=\"fw-col-xs-12 fw-col-sm-2\">\n<p class=\"nmb nmt\"><a href=\"http:\/\/www.galeria6mas1.com\/project\/bubi-canal\">Bubi Canal<\/a><\/p>\n<p class=\"nmb nmt\"><a href=\"http:\/\/www.galeria6mas1.com\/project\/wolf-geyr\">Wolf Geyr<\/a><\/p>\n<p class=\"nmb nmt\"><a href=\"http:\/\/www.galeria6mas1.com\/project\/colectivo-fm\">Colectivo FM<\/a><\/p>\n<p class=\"nmb nmt\"><span style=\"font-size: 14px;\">Amid.cero9<\/span><\/p>\n<div class=\"fw-col-xs-12 fw-col-sm-2\">\n<p class=\"nmb nmt\"><a href=\"http:\/\/www.galeria6mas1.com\/project\/cristina-diaz-moreno\">Cristina D\u00edaz Moreno<\/a><\/p>\n<p class=\"nmb nmt\"><a href=\"http:\/\/www.galeria6mas1.com\/project\/efren-garcia-grinda\">Efr\u00e9n Garc\u00eda Grinda<\/a><\/p>\n<\/div>\n<\/div>\n<\/div>\n<div class=\"fw-col-xs-12 fw-col-sm-2\">\n<p class=\"nmb nmt\">\n<\/div>\n<\/div>\n<div class=\"fw-col-xs-12 fw-col-sm-2\">\n<p class=\"nmb nmt\">\n<\/div>\n<\/div>\n<div class=\"fw-col-xs-12 fw-col-sm-2\"><\/div>\n<\/div>\n<div class=\"fw-row\">\n<div class=\"fw-col-xs-12\"><\/div>\n<\/div>\n<p>[\/et_pb_text][\/et_pb_column][\/et_pb_row][et_pb_row _builder_version=\u00bb4.27.4&#8243; _module_preset=\u00bbdefault\u00bb global_colors_info=\u00bb{}\u00bb][et_pb_column type=\u00bb4_4&#8243; _builder_version=\u00bb4.27.4&#8243; _module_preset=\u00bbdefault\u00bb global_colors_info=\u00bb{}\u00bb][dsm_card_carousel centered_slides=\u00bbon\u00bb slide_to_show=\u00bb4&#8243; speed=\u00bb800&#8243; space_between=\u00bb25&#8243; equal_height=\u00bbon\u00bb arrows=\u00bboff\u00bb dots=\u00bboff\u00bb _builder_version=\u00bb4.27.4&#8243; _module_preset=\u00bbdefault\u00bb text_orientation=\u00bbcenter\u00bb global_colors_info=\u00bb{}\u00bb][dsm_card_carousel_child title=\u00bbLOS BRAV\u00da\u00bb image=\u00bbhttps:\/\/seismasunogaleria.com\/wp-content\/uploads\/2025\/04\/los-bravus-destacasa.png\u00bb image_background_height=\u00bb350px\u00bb button_text=\u00bb+\u00bb button_url_new_window=\u00bb1&#8243; _builder_version=\u00bb4.27.4&#8243; _module_preset=\u00bbdefault\u00bb custom_button=\u00bbon\u00bb button_use_icon=\u00bboff\u00bb button_alignment=\u00bbcenter\u00bb global_colors_info=\u00bb{}\u00bb parent_button=\u00bboff\u00bb parent_header_level=\u00bbh4&#8243;][\/dsm_card_carousel_child][dsm_card_carousel_child title=\u00bbN\u00f8ne Futbol Club\u00bb image=\u00bbhttps:\/\/seismasunogaleria.com\/wp-content\/uploads\/2025\/04\/web_3_grafica-none-futbol-scaled.jpg\u00bb image_background_height=\u00bb350px\u00bb button_text=\u00bb+\u00bb button_url_new_window=\u00bb1&#8243; _builder_version=\u00bb4.27.4&#8243; _module_preset=\u00bbdefault\u00bb custom_button=\u00bbon\u00bb button_use_icon=\u00bboff\u00bb button_alignment=\u00bbcenter\u00bb global_colors_info=\u00bb{}\u00bb parent_button=\u00bboff\u00bb parent_header_level=\u00bbh4&#8243;][\/dsm_card_carousel_child][dsm_card_carousel_child title=\u00bbFOD\u00bb image=\u00bbhttps:\/\/seismasunogaleria.com\/wp-content\/uploads\/2025\/04\/FOD-DUBAI-10-scaled.jpg\u00bb image_background_height=\u00bb350px\u00bb button_text=\u00bb+\u00bb button_url_new_window=\u00bb1&#8243; _builder_version=\u00bb4.27.4&#8243; _module_preset=\u00bbdefault\u00bb custom_button=\u00bbon\u00bb button_use_icon=\u00bboff\u00bb button_alignment=\u00bbcenter\u00bb global_colors_info=\u00bb{}\u00bb parent_button=\u00bboff\u00bb parent_header_level=\u00bbh4&#8243;][\/dsm_card_carousel_child][dsm_card_carousel_child title=\u00bbJULIO FALAG\u00c1N\u00bb image=\u00bbhttps:\/\/seismasunogaleria.com\/wp-content\/uploads\/2025\/04\/Julio-Falagans.jpg\u00bb image_background_height=\u00bb350px\u00bb button_text=\u00bb+\u00bb button_url_new_window=\u00bb1&#8243; _builder_version=\u00bb4.27.4&#8243; _module_preset=\u00bbdefault\u00bb custom_button=\u00bbon\u00bb button_use_icon=\u00bboff\u00bb button_alignment=\u00bbcenter\u00bb global_colors_info=\u00bb{}\u00bb parent_button=\u00bboff\u00bb parent_header_level=\u00bbh4&#8243;][\/dsm_card_carousel_child][\/dsm_card_carousel][\/et_pb_column][\/et_pb_row][\/et_pb_section]<\/p>","protected":false},"excerpt":{"rendered":"<p>Artistas Los Brav\u00fa Julio Falag\u00e1n Fod N\u00f8ne Futbol Club Sonia Navarro Miki Leal Sara Landeta Ch\u00e9fer Xavier Delory V\u00edtor Mizael Max Enrich Joel Blanco Julio Sarrami\u00e1n Juancho Arregui Sander Wassink Clara S\u00e1nchez Sala Mar\u00eda Platero Daniel Silvo Neko Sugarbombing Julia Llerena Nieves Mingueza Rebecca Wilton Patricia G\u00f3mez Mar\u00eda Jes\u00fas Gonz\u00e1lez Jan Moncl\u00fas Antonio Labella Pedro [&hellip;]<\/p>","protected":false},"author":2,"featured_media":0,"parent":0,"menu_order":0,"comment_status":"closed","ping_status":"closed","template":"","meta":{"_et_pb_use_builder":"on","_et_pb_old_content":"<!-- wp:divi\/placeholder \/-->","_et_gb_content_width":"","footnotes":""},"class_list":["post-26","page","type-page","status-publish","hentry"],"yoast_head":"<!-- This site is optimized with the Yoast SEO plugin v24.8.1 - https:\/\/yoast.com\/wordpress\/plugins\/seo\/ -->\n<title>Artistas - Galer&iacute;a SEISM&Aacute;SUNO<\/title>\n<meta name=\"robots\" content=\"index, follow, max-snippet:-1, max-image-preview:large, max-video-preview:-1\" \/>\n<link rel=\"canonical\" href=\"https:\/\/seismasunogaleria.com\/en\/artistas\/\" \/>\n<meta property=\"og:locale\" content=\"en_GB\" \/>\n<meta property=\"og:type\" content=\"article\" \/>\n<meta property=\"og:title\" content=\"Artistas - Galer&iacute;a SEISM&Aacute;SUNO\" \/>\n<meta property=\"og:description\" content=\"Artistas Los Brav\u00fa Julio Falag\u00e1n Fod N\u00f8ne Futbol Club Sonia Navarro Miki Leal Sara Landeta Ch\u00e9fer Xavier Delory V\u00edtor Mizael Max Enrich Joel Blanco Julio Sarrami\u00e1n Juancho Arregui Sander Wassink Clara S\u00e1nchez Sala Mar\u00eda Platero Daniel Silvo Neko Sugarbombing Julia Llerena Nieves Mingueza Rebecca Wilton Patricia G\u00f3mez Mar\u00eda Jes\u00fas Gonz\u00e1lez Jan Moncl\u00fas Antonio Labella Pedro [&hellip;]\" \/>\n<meta property=\"og:url\" content=\"https:\/\/seismasunogaleria.com\/en\/artistas\/\" \/>\n<meta property=\"og:site_name\" content=\"Galer&iacute;a SEISM&Aacute;SUNO\" \/>\n<meta property=\"article:modified_time\" content=\"2025-05-23T12:03:46+00:00\" \/>\n<meta name=\"twitter:card\" content=\"summary_large_image\" \/>\n<meta name=\"twitter:label1\" content=\"Estimated reading time\" \/>\n\t<meta name=\"twitter:data1\" content=\"3 minutes\" \/>\n<script type=\"application\/ld+json\" class=\"yoast-schema-graph\">{\"@context\":\"https:\/\/schema.org\",\"@graph\":[{\"@type\":\"WebPage\",\"@id\":\"https:\/\/seismasunogaleria.com\/artistas\/\",\"url\":\"https:\/\/seismasunogaleria.com\/artistas\/\",\"name\":\"Artistas - Galer&iacute;a SEISM&Aacute;SUNO\",\"isPartOf\":{\"@id\":\"https:\/\/seismasunogaleria.com\/#website\"},\"datePublished\":\"2025-04-04T16:18:53+00:00\",\"dateModified\":\"2025-05-23T12:03:46+00:00\",\"breadcrumb\":{\"@id\":\"https:\/\/seismasunogaleria.com\/artistas\/#breadcrumb\"},\"inLanguage\":\"en-GB\",\"potentialAction\":[{\"@type\":\"ReadAction\",\"target\":[\"https:\/\/seismasunogaleria.com\/artistas\/\"]}]},{\"@type\":\"BreadcrumbList\",\"@id\":\"https:\/\/seismasunogaleria.com\/artistas\/#breadcrumb\",\"itemListElement\":[{\"@type\":\"ListItem\",\"position\":1,\"name\":\"Portada\",\"item\":\"https:\/\/seismasunogaleria.com\/\"},{\"@type\":\"ListItem\",\"position\":2,\"name\":\"Artistas\"}]},{\"@type\":\"WebSite\",\"@id\":\"https:\/\/seismasunogaleria.com\/#website\",\"url\":\"https:\/\/seismasunogaleria.com\/\",\"name\":\"Galer\u00eda SEISM\u00c1SUNO\",\"description\":\"S&oacute;lo otro sitio de WordPress\",\"publisher\":{\"@id\":\"https:\/\/seismasunogaleria.com\/#organization\"},\"potentialAction\":[{\"@type\":\"SearchAction\",\"target\":{\"@type\":\"EntryPoint\",\"urlTemplate\":\"https:\/\/seismasunogaleria.com\/?s={search_term_string}\"},\"query-input\":{\"@type\":\"PropertyValueSpecification\",\"valueRequired\":true,\"valueName\":\"search_term_string\"}}],\"inLanguage\":\"en-GB\"},{\"@type\":\"Organization\",\"@id\":\"https:\/\/seismasunogaleria.com\/#organization\",\"name\":\"Galer\u00eda SEISM\u00c1SUNO\",\"url\":\"https:\/\/seismasunogaleria.com\/\",\"logo\":{\"@type\":\"ImageObject\",\"inLanguage\":\"en-GB\",\"@id\":\"https:\/\/seismasunogaleria.com\/#\/schema\/logo\/image\/\",\"url\":\"https:\/\/seismasunogaleria.com\/wp-content\/uploads\/2025\/04\/logo-SEISMASUNO-PROJECTS_2020_WEB-03.jpg\",\"contentUrl\":\"https:\/\/seismasunogaleria.com\/wp-content\/uploads\/2025\/04\/logo-SEISMASUNO-PROJECTS_2020_WEB-03.jpg\",\"width\":150,\"height\":51,\"caption\":\"Galer\u00eda SEISM\u00c1SUNO\"},\"image\":{\"@id\":\"https:\/\/seismasunogaleria.com\/#\/schema\/logo\/image\/\"}}]}<\/script>\n<!-- \/ Yoast SEO plugin. -->","yoast_head_json":{"title":"Artistas - Galer&iacute;a SEISM&Aacute;SUNO","robots":{"index":"index","follow":"follow","max-snippet":"max-snippet:-1","max-image-preview":"max-image-preview:large","max-video-preview":"max-video-preview:-1"},"canonical":"https:\/\/seismasunogaleria.com\/en\/artistas\/","og_locale":"en_GB","og_type":"article","og_title":"Artistas - Galer&iacute;a SEISM&Aacute;SUNO","og_description":"Artistas Los Brav\u00fa Julio Falag\u00e1n Fod N\u00f8ne Futbol Club Sonia Navarro Miki Leal Sara Landeta Ch\u00e9fer Xavier Delory V\u00edtor Mizael Max Enrich Joel Blanco Julio Sarrami\u00e1n Juancho Arregui Sander Wassink Clara S\u00e1nchez Sala Mar\u00eda Platero Daniel Silvo Neko Sugarbombing Julia Llerena Nieves Mingueza Rebecca Wilton Patricia G\u00f3mez Mar\u00eda Jes\u00fas Gonz\u00e1lez Jan Moncl\u00fas Antonio Labella Pedro [&hellip;]","og_url":"https:\/\/seismasunogaleria.com\/en\/artistas\/","og_site_name":"Galer&iacute;a SEISM&Aacute;SUNO","article_modified_time":"2025-05-23T12:03:46+00:00","twitter_card":"summary_large_image","twitter_misc":{"Estimated reading time":"3 minutes"},"schema":{"@context":"https:\/\/schema.org","@graph":[{"@type":"WebPage","@id":"https:\/\/seismasunogaleria.com\/artistas\/","url":"https:\/\/seismasunogaleria.com\/artistas\/","name":"Artistas - Galer&iacute;a SEISM&Aacute;SUNO","isPartOf":{"@id":"https:\/\/seismasunogaleria.com\/#website"},"datePublished":"2025-04-04T16:18:53+00:00","dateModified":"2025-05-23T12:03:46+00:00","breadcrumb":{"@id":"https:\/\/seismasunogaleria.com\/artistas\/#breadcrumb"},"inLanguage":"en-GB","potentialAction":[{"@type":"ReadAction","target":["https:\/\/seismasunogaleria.com\/artistas\/"]}]},{"@type":"BreadcrumbList","@id":"https:\/\/seismasunogaleria.com\/artistas\/#breadcrumb","itemListElement":[{"@type":"ListItem","position":1,"name":"Portada","item":"https:\/\/seismasunogaleria.com\/"},{"@type":"ListItem","position":2,"name":"Artistas"}]},{"@type":"WebSite","@id":"https:\/\/seismasunogaleria.com\/#website","url":"https:\/\/seismasunogaleria.com\/","name":"Galer\u00eda SEISM\u00c1SUNO","description":"S&oacute;lo otro sitio de WordPress","publisher":{"@id":"https:\/\/seismasunogaleria.com\/#organization"},"potentialAction":[{"@type":"SearchAction","target":{"@type":"EntryPoint","urlTemplate":"https:\/\/seismasunogaleria.com\/?s={search_term_string}"},"query-input":{"@type":"PropertyValueSpecification","valueRequired":true,"valueName":"search_term_string"}}],"inLanguage":"en-GB"},{"@type":"Organization","@id":"https:\/\/seismasunogaleria.com\/#organization","name":"Galer\u00eda SEISM\u00c1SUNO","url":"https:\/\/seismasunogaleria.com\/","logo":{"@type":"ImageObject","inLanguage":"en-GB","@id":"https:\/\/seismasunogaleria.com\/#\/schema\/logo\/image\/","url":"https:\/\/seismasunogaleria.com\/wp-content\/uploads\/2025\/04\/logo-SEISMASUNO-PROJECTS_2020_WEB-03.jpg","contentUrl":"https:\/\/seismasunogaleria.com\/wp-content\/uploads\/2025\/04\/logo-SEISMASUNO-PROJECTS_2020_WEB-03.jpg","width":150,"height":51,"caption":"Galer\u00eda SEISM\u00c1SUNO"},"image":{"@id":"https:\/\/seismasunogaleria.com\/#\/schema\/logo\/image\/"}}]}},"_links":{"self":[{"href":"https:\/\/seismasunogaleria.com\/en\/wp-json\/wp\/v2\/pages\/26","targetHints":{"allow":["GET"]}}],"collection":[{"href":"https:\/\/seismasunogaleria.com\/en\/wp-json\/wp\/v2\/pages"}],"about":[{"href":"https:\/\/seismasunogaleria.com\/en\/wp-json\/wp\/v2\/types\/page"}],"author":[{"embeddable":true,"href":"https:\/\/seismasunogaleria.com\/en\/wp-json\/wp\/v2\/users\/2"}],"replies":[{"embeddable":true,"href":"https:\/\/seismasunogaleria.com\/en\/wp-json\/wp\/v2\/comments?post=26"}],"version-history":[{"count":9,"href":"https:\/\/seismasunogaleria.com\/en\/wp-json\/wp\/v2\/pages\/26\/revisions"}],"predecessor-version":[{"id":129,"href":"https:\/\/seismasunogaleria.com\/en\/wp-json\/wp\/v2\/pages\/26\/revisions\/129"}],"wp:attachment":[{"href":"https:\/\/seismasunogaleria.com\/en\/wp-json\/wp\/v2\/media?parent=26"}],"curies":[{"name":"wp","href":"https:\/\/api.w.org\/{rel}","templated":true}]}}